{"id":2,"date":"2019-08-05T10:43:17","date_gmt":"2019-08-05T08:43:17","guid":{"rendered":"https:\/\/pajaros.intras.es\/?page_id=2"},"modified":"2021-03-08T11:19:32","modified_gmt":"2021-03-08T10:19:32","slug":"pagina-ejemplo","status":"publish","type":"page","link":"https:\/\/vallapajaros.intras.es\/","title":{"rendered":"Las #Vallap\u00e1jaras vuelven a volar por el #8M"},"content":{"rendered":"\n<p>Con motivo del <strong>D\u00eda\nInternacional de la Mujer<\/strong> de este lunes, 8 de marzo, Fundaci\u00f3n\nINTRAS lanza la segunda <strong>edici\u00f3n\nespecial de #Vallap\u00e1jaras<\/strong> contra la <strong>doble discriminaci\u00f3n<\/strong>\nque conlleva ser <strong>mujer<\/strong>\ny tener <strong>malestar\nps\u00edquico<\/strong>. Pintadas con tres tonos de morado, e id\u00e9nticas en\ntama\u00f1o a los #Vallap\u00e1jaros originales liberados en Valladolid el agosto pasado,\nlas #Vallap\u00e1jaras nos recuerdan que el 23 por ciento de las mujeres han tenido\no tendr\u00e1n un problema de salud mental a lo largo de su vida.<\/p>\n\n\n\n<p>El a\u00f1o\npasado tuvieron que interrumpir su vuelo y sumarse al #mequedoencasa, pero este\na\u00f1o se han adaptado a la situaci\u00f3n sanitaria y cada #Vallap\u00e1jara lleva su\n#mascarilla personalizada. Un nuevo modelo para que ampl\u00edes tu colecci\u00f3n de\n#Vallapajaros.<\/p>\n\n\n\n<p>Ser mujer, adem\u00e1s, conlleva tres veces m\u00e1s riesgo de sufrir una\ndepresi\u00f3n y el doble de tener ansiedad con respecto a la poblaci\u00f3n masculina.\nPara complicar a\u00fan m\u00e1s esta doble discriminaci\u00f3n, las estad\u00edsticas indican que\nel 70 por ciento de las mujeres con malestar ps\u00edquico no logra acceder al\nmercado laboral. Por eso, si adquieres una Vallap\u00e1jara contribuir\u00e1s a la <strong>contrataci\u00f3n<\/strong> de\nmujeres con problemas de salud mental, que har\u00e1n totalmente a mano tu pieza\n\u00fanica, y a la puesta en marcha de <strong>espacios\nde reflexi\u00f3n<\/strong> para impulsar el empoderamiento y la visibilidad\nsocial de este colectivo.<\/p>\n\n\n\n<p>\u00bfC\u00f3mo colaborar con el proyecto #Vallap\u00e1jaras del 8 de marzo? <strong>Puedes encargar la tuya durante el\nmes de marzo en el mail<\/strong> <strong><a href=\"mailto:vallapajaros@intras.es\">vallapajaros@intras.es<\/a><\/strong>.\nCada unidad cuesta 4 euros, que se destinar\u00e1n <strong>\u00edntegramente<\/strong> a las causas mencionadas.\n\u00bfD\u00f3nde puedes recogerlas? Dedicaremos el mes de marzo a la creaci\u00f3n artesanal y\nen abril te esperar\u00e1n en cualquiera de nuestras sedes de \u00c1vila, Burgos,\nValladolid o Zamora. En la que t\u00fa elijas.<\/p>\n\n\n\n<p>Los #Vallap\u00e1jaros originales protagonizaron una <strong>experiencia de liberaci\u00f3n art\u00edstica<\/strong>\nque tuvo lugar a finales de agosto de 2019, coincidiendo con los actos\ncentrales del <strong>25\naniversario de Fundaci\u00f3n INTRAS.<\/strong> A lo largo de una noche, un\nequipo de 50 voluntarios de la entidad reparti\u00f3 1.025 p\u00e1jaros de escayola\ntricolores por todo Valladolid como agradecimiento a la ciudad por los avances\nde los \u00faltimos a\u00f1os en materia de inclusi\u00f3n de las personas con enfermedad\nmental.<\/p>\n\n\n\n<p>El prototipo original de #Vallap\u00e1jaros fue <strong>dise\u00f1ado por el artista Manolo\nSierra <\/strong>y su <strong>producci\u00f3n\n<\/strong>se realiz\u00f3 por entero en los talleres del <strong>Centro de D\u00eda<\/strong> que\nFundaci\u00f3n INTRAS tiene en <strong>Toro\n<\/strong>(Zamora), <strong>completamente\na mano y de forma artesanal<\/strong> por un grupo de personas con\nproblemas de salud mental especializado en barro y escayola. Los #Vallap\u00e1jaros\nhan vuelto\u2026 una vez m\u00e1s\u2026<\/p>\n\n\n\n<p>Con motivo del\u00a0<strong>D\u00eda Internacional de la Mujer<\/strong>\u00a0de este domingo, 8 de marzo, Fundaci\u00f3n INTRAS lanza una\u00a0<strong>edici\u00f3n especial de #Vallap\u00e1jaras<\/strong>\u00a0contra la\u00a0<strong>doble discriminaci\u00f3n<\/strong>\u00a0que conlleva ser\u00a0<strong>mujer<\/strong>\u00a0y tener\u00a0<strong>malestar ps\u00edquico<\/strong>. Pintadas con tres tonos de morado, e id\u00e9nticas en tama\u00f1o a los #Vallap\u00e1jaros originales liberados en Valladolid el agosto pasado, las #Vallap\u00e1jaras nos recuerdan que el 23 por ciento de las mujeres han tenido o tendr\u00e1n un problema de salud mental a lo largo de su vida.<\/p>\n\n\n\n<p>Ser mujer, adem\u00e1s, conlleva tres veces m\u00e1s riesgo de sufrir una depresi\u00f3n y el doble de tener ansiedad con respecto a la poblaci\u00f3n masculina. Para complicar a\u00fan m\u00e1s esta doble discriminaci\u00f3n, las estad\u00edsticas indican que el 70 por ciento de las mujeres con malestar ps\u00edquico no logra acceder al mercado laboral. Por eso, si adquieres una Vallap\u00e1jara contribuir\u00e1s a la&nbsp;<strong>contrataci\u00f3n<\/strong>&nbsp;de mujeres con problemas de salud mental, que har\u00e1n totalmente a mano tu pieza \u00fanica, y a la puesta en marcha de&nbsp;<strong>c\u00edrculos de mujeres<\/strong>&nbsp;para impulsar el empoderamiento y la visibilidad social de este colectivo.<\/p>\n\n\n\n<p>\u00bfC\u00f3mo colaborar con el proyecto #Vallap\u00e1jaras del 8 de marzo?&nbsp;<strong>Puedes encargar la tuya en el mail<\/strong>&nbsp;<a href=\"mailto:vallapajaros@intras.es\">vallapajaros@intras.es<\/a>. Cada unidad cuesta 4 euros, que se destinar\u00e1n&nbsp;<strong>\u00edntegramente<\/strong>&nbsp;a las causas mencionadas. \u00bfD\u00f3nde puedes recogerlas? Una vez solicitadas, y tras unos d\u00edas de creaci\u00f3n artesanal, te esperar\u00e1n en cualquiera de nuestras sedes de \u00c1vila, Burgos, Valladolid o Zamora. En la que t\u00fa elijas.<\/p>\n\n\n\n<p>Los #Vallap\u00e1jaros originales protagonizaron una&nbsp;<strong>experiencia de liberaci\u00f3n art\u00edstica<\/strong>&nbsp;que tuvo lugar a finales de agosto del a\u00f1o pasado, coincidiendo con los actos centrales del&nbsp;<strong>25 aniversario de Fundaci\u00f3n INTRAS.<\/strong>&nbsp;A lo largo de una noche, un equipo de 50 voluntarios de la entidad reparti\u00f3 1.025 p\u00e1jaros de escayola tricolores por todo Valladolid como agradecimiento a la ciudad por los avances de los \u00faltimos a\u00f1os en materia de inclusi\u00f3n de las personas con enfermedad mental.<\/p>\n\n\n\n<p>El prototipo original de #Vallap\u00e1jaros fue&nbsp;<strong>dise\u00f1ado por el artista Manolo Sierra&nbsp;<\/strong>y su&nbsp;<strong>producci\u00f3n&nbsp;<\/strong>se realiz\u00f3 por entero en los talleres del&nbsp;<strong>Centro de D\u00eda<\/strong>&nbsp;que Fundaci\u00f3n INTRAS tiene en&nbsp;<strong>Toro&nbsp;<\/strong>(Zamora),&nbsp;<strong>completamente a mano y de forma artesanal<\/strong>&nbsp;por un grupo de personas con problemas de salud mental especializado en barro y escayola. Ahora, los #Vallap\u00e1jaros han vuelto\u2026 Y esta vez no tienes que buscarles.<\/p>\n\n\n\n<p>Toda la info en  <a href=\"https:\/\/vimeo.com\/520827928\"><a href=\"https:\/\/vimeo.com\/520827928\">https:\/\/vimeo.com\/520827928<\/a><\/a><\/p>\n\n\n\n<figure class=\"wp-block-image\"><img loading=\"lazy\" decoding=\"async\" width=\"1024\" height=\"576\" src=\"https:\/\/vallapajaros.intras.es\/wp-content\/uploads\/2020\/03\/20200305_140721-1024x576.jpg\" alt=\"\" class=\"wp-image-103\" srcset=\"https:\/\/vallapajaros.intras.es\/wp-content\/uploads\/2020\/03\/20200305_140721-1024x576.jpg 1024w, https:\/\/vallapajaros.intras.es\/wp-content\/uploads\/2020\/03\/20200305_140721-300x169.jpg 300w, https:\/\/vallapajaros.intras.es\/wp-content\/uploads\/2020\/03\/20200305_140721-768x432.jpg 768w\" sizes=\"(max-width: 767px) 89vw, (max-width: 1000px) 54vw, (max-width: 1071px) 543px, 580px\" \/><\/figure>\n\n\n\n<h2 class=\"wp-block-heading\">\u2018\u00a1Vallap\u00e1jaros a volar!\u2019<\/h2>\n\n\n\n<p>Con esta experiencia -liberaci\u00f3n art\u00edstica, arte urbano, intervenci\u00f3n en el paisaje\u2026 las etiquetas son solo eso, etiquetas-, Fundaci\u00f3n INTRAS se plantea, y plantea con agradecimiento a la ciudad que la vio nacer hace un cuarto de siglo, una reflexi\u00f3n en torno a la <strong>diversidad,<\/strong> la <strong>singularidad<\/strong> y la <strong>libertad<\/strong> con la <strong>salud mental<\/strong> y el <strong>malestar ps\u00edquico<\/strong> como tel\u00f3n de fondo.<\/p>\n\n\n\n<p>Los p\u00e1jaros echaron a volar de nuestra sede\nvallisoletana, s\u00ed, pero su nacimiento es una fusi\u00f3n de voluntades y pasiones\ndiversas\u2026 La del artista <strong>Manolo Sierra,<\/strong>\nque lo dise\u00f1\u00f3 pensando en nosotros en su santuario de Babia (Le\u00f3n), y la de\ndecenas de <strong>personas con malestar\nps\u00edquico <\/strong>y profesionales de la fundaci\u00f3n que moldearon, lijaron y pintaron\nlas 1.025 piezas numeradas en los talleres que INTRAS tiene en su <strong>Centro de D\u00eda de Toro<\/strong> (Zamora).<\/p>\n\n\n\n<p>\u2018\u00a1P\u00e1jaros a volar!\u2019 es un proyecto colectivo que, al\ncalor de nuestros <strong>\u201825 a\u00f1os de\nhistorias\u2019,<\/strong> ha salido del cascar\u00f3n -gracias, Sierra, una vez m\u00e1s por\nprestarnos tu estilo inconfundible- y se ha vestido con las plumas de la <strong>recuperaci\u00f3n,<\/strong> el <strong>empoderamiento,<\/strong> la <strong>autonom\u00eda<\/strong>\ny las ganas de vivir\u2026 en libertad. &nbsp;Conceptos\nen los que se fundamenta nuestro trabajo diario con las personas. Personas sin\nm\u00e1s etiquetas. Personas que cada d\u00eda se esfuerzan por <strong>sobrevolar prejuicios, estigmas e ideas preconcebidas<\/strong> en torno al\nmalestar ps\u00edquico y <strong>perseguir sus sue\u00f1os\ny objetivos:<\/strong> todo aquello que se necesita para vivir en plenitud y que a\nveces cuesta definir con palabras.<\/p>\n\n\n\n<p>Nuestros p\u00e1jaros representan eso. Si has tenido la suerte de cruzarte con uno en el camino, gu\u00e1rdalo -\u00a1\u00a1tienes una obra de arte original en casa!!- y recuerda tus sue\u00f1os cada vez que lo mires porque <strong>es la capacidad de so\u00f1ar,<\/strong> de imaginar una realidad diferente y diversa, \u00fanica y singular, <strong>la que nos hace ser humanos. <\/strong><\/p>\n\n\n\n<div class=\"wp-block-image\"><figure class=\"aligncenter\"><img loading=\"lazy\" decoding=\"async\" width=\"457\" height=\"124\" src=\"https:\/\/vallapajaros.intras.es\/wp-content\/uploads\/2019\/08\/LOGO-POSITIVO-72-pp.jpg\" alt=\"\" class=\"wp-image-84\" srcset=\"https:\/\/vallapajaros.intras.es\/wp-content\/uploads\/2019\/08\/LOGO-POSITIVO-72-pp.jpg 457w, https:\/\/vallapajaros.intras.es\/wp-content\/uploads\/2019\/08\/LOGO-POSITIVO-72-pp-300x81.jpg 300w\" sizes=\"(max-width: 457px) 100vw, 457px\" \/><figcaption><a href=\"http:\/\/www.intras.es\" target=\"_blank\" rel=\"noreferrer noopener\" aria-label=\"VISITA LA WEB DE FUNDACI\u00d3N INTRAS (abre en una nueva pesta\u00f1a)\">VISITA LA WEB DE FUNDACI\u00d3N INTRAS<\/a><\/figcaption><\/figure><\/div>\n","protected":false},"excerpt":{"rendered":"<p>Con motivo del D\u00eda Internacional de la Mujer de este lunes, 8 de marzo, Fundaci\u00f3n INTRAS lanza la segunda edici\u00f3n especial de #Vallap\u00e1jaras contra la doble discriminaci\u00f3n que conlleva ser mujer y tener malestar ps\u00edquico. Pintadas con tres tonos de morado, e id\u00e9nticas en tama\u00f1o a los #Vallap\u00e1jaros originales liberados en Valladolid el agosto pasado, &hellip; <\/p>\n<p class=\"link-more\"><a href=\"https:\/\/vallapajaros.intras.es\/\" class=\"more-link\">Continuar leyendo<span class=\"screen-reader-text\"> \u00abLas #Vallap\u00e1jaras vuelven a volar por el #8M\u00bb<\/span><\/a><\/p>\n","protected":false},"author":1,"featured_media":0,"parent":0,"menu_order":0,"comment_status":"closed","ping_status":"open","template":"page_front-page.php","meta":{"_themeisle_gutenberg_block_has_review":false,"footnotes":""},"_links":{"self":[{"href":"https:\/\/vallapajaros.intras.es\/index.php?rest_route=\/wp\/v2\/pages\/2"}],"collection":[{"href":"https:\/\/vallapajaros.intras.es\/index.php?rest_route=\/wp\/v2\/pages"}],"about":[{"href":"https:\/\/vallapajaros.intras.es\/index.php?rest_route=\/wp\/v2\/types\/page"}],"author":[{"embeddable":true,"href":"https:\/\/vallapajaros.intras.es\/index.php?rest_route=\/wp\/v2\/users\/1"}],"replies":[{"embeddable":true,"href":"https:\/\/vallapajaros.intras.es\/index.php?rest_route=%2Fwp%2Fv2%2Fcomments&post=2"}],"version-history":[{"count":11,"href":"https:\/\/vallapajaros.intras.es\/index.php?rest_route=\/wp\/v2\/pages\/2\/revisions"}],"predecessor-version":[{"id":109,"href":"https:\/\/vallapajaros.intras.es\/index.php?rest_route=\/wp\/v2\/pages\/2\/revisions\/109"}],"wp:attachment":[{"href":"https:\/\/vallapajaros.intras.es\/index.php?rest_route=%2Fwp%2Fv2%2Fmedia&parent=2"}],"curies":[{"name":"wp","href":"https:\/\/api.w.org\/{rel}","templated":true}]}}